{"id":2644,"date":"2025-10-10T14:25:33","date_gmt":"2025-10-10T14:25:33","guid":{"rendered":"https:\/\/ekon.ws\/inicio\/?page_id=2644"},"modified":"2026-02-28T21:36:33","modified_gmt":"2026-02-28T21:36:33","slug":"terminos-y-condiciones","status":"publish","type":"page","link":"https:\/\/ekon.ws\/inicio\/terminos-y-condiciones\/","title":{"rendered":"T\u00e9rminos y Condiciones"},"content":{"rendered":"<div data-colibri-id=\"2644-c1\" class=\"style-965 style-local-2644-c1 position-relative\">\r\n  <!---->\r\n  <div data-colibri-component=\"section\" data-colibri-id=\"2644-c2\" id=\"custom\" class=\"h-section h-section-global-spacing d-flex align-items-lg-center align-items-md-center align-items-center style-966 style-local-2644-c2 position-relative\">\r\n    <!---->\r\n    <!---->\r\n    <div class=\"h-section-grid-container h-section-boxed-container\">\r\n      <!---->\r\n      <div data-colibri-id=\"2644-c3\" class=\"h-row-container gutters-row-lg-2 gutters-row-md-2 gutters-row-0 gutters-row-v-lg-2 gutters-row-v-md-2 gutters-row-v-2 style-967 style-local-2644-c3 position-relative\">\r\n        <!---->\r\n        <div class=\"h-row justify-content-lg-center justify-content-md-center justify-content-center align-items-lg-stretch align-items-md-stretch align-items-stretch gutters-col-lg-2 gutters-col-md-2 gutters-col-0 gutters-col-v-lg-2 gutters-col-v-md-2 gutters-col-v-2\">\r\n          <!---->\r\n          <div class=\"h-column h-column-container d-flex h-col-lg-auto h-col-md-auto h-col-auto style-968-outer style-local-2644-c4-outer\">\r\n            <div data-colibri-id=\"2644-c4\" class=\"d-flex h-flex-basis h-column__inner h-px-lg-2 h-px-md-2 h-px-2 v-inner-lg-2 v-inner-md-2 v-inner-2 style-968 style-local-2644-c4 position-relative\">\r\n              <!---->\r\n              <!---->\r\n              <div class=\"w-100 h-y-container h-column__content h-column__v-align flex-basis-100 align-self-lg-start align-self-md-start align-self-start\">\r\n                <!---->\r\n                <div data-colibri-id=\"2644-c5\" class=\"h-row-container gutters-row-lg-2 gutters-row-md-2 gutters-row-0 gutters-row-v-lg-2 gutters-row-v-md-2 gutters-row-v-2 style-969 style-local-2644-c5 position-relative\">\r\n                  <!---->\r\n                  <div class=\"h-row justify-content-lg-center justify-content-md-center justify-content-center align-items-lg-stretch align-items-md-stretch align-items-stretch gutters-col-lg-2 gutters-col-md-2 gutters-col-0 gutters-col-v-lg-2 gutters-col-v-md-2 gutters-col-v-2\">\r\n                    <!---->\r\n                    <div class=\"h-column h-column-container d-flex h-col-lg-auto h-col-md-auto h-col-auto style-970-outer style-local-2644-c6-outer\">\r\n                      <div data-colibri-id=\"2644-c6\" class=\"d-flex h-flex-basis h-column__inner h-px-lg-2 h-px-md-2 h-px-2 v-inner-lg-2 v-inner-md-2 v-inner-2 style-970 style-local-2644-c6 position-relative\">\r\n                        <!---->\r\n                        <!---->\r\n                        <div class=\"w-100 h-y-container h-column__content h-column__v-align flex-basis-100 align-self-lg-center align-self-md-center align-self-center\">\r\n                          <!---->\r\n                          <div data-colibri-id=\"2644-c7\" class=\"h-text h-text-component style-972 style-local-2644-c7 position-relative h-element\">\r\n                            <!---->\r\n                            <!---->\r\n                            <div class=\"\">\r\n                              <h1><span style=\"font-weight: 800; color: rgb(0, 0, 0);\">T\u00e9rminos y Condiciones<\/span><\/h1>\r\n                            <\/div>\r\n                          <\/div>\r\n                        <\/div>\r\n                      <\/div>\r\n                    <\/div>\r\n                    <div class=\"h-column h-column-container d-flex h-col-lg-auto h-col-md-auto h-col-auto style-971-outer style-local-2644-c8-outer\">\r\n                      <div data-colibri-id=\"2644-c8\" class=\"d-flex h-flex-basis h-column__inner h-px-lg-2 h-px-md-2 h-px-2 v-inner-lg-2 v-inner-md-2 v-inner-2 style-971 style-local-2644-c8 position-relative\">\r\n                        <!---->\r\n                        <!---->\r\n                        <div class=\"w-100 h-y-container h-column__content h-column__v-align flex-basis-100 align-self-lg-start align-self-md-start align-self-start\">\r\n                          <!---->\r\n                          <div data-colibri-id=\"2644-c9\" class=\"d-block style-973 style-local-2644-c9 position-relative h-element\">\r\n                            <!---->\r\n                            <div class=\"h-image__frame-container-outer\">\r\n                              <div class=\"h-image__frame-container\">\r\n                                <!---->\r\n                                <!---->\r\n                                <img loading=\"lazy\" decoding=\"async\" width=\"2358\" height=\"2358\" src=\"https:\/\/ekon.ws\/wp-content\/uploads\/2023\/05\/cropped-cropped-TerminosPag-02-scaled-1.webp\" class=\"wp-image-2648 style-973-image style-local-2644-c9-image\" alt=\"TerminosPag-02\" srcset=\"https:\/\/ekon.ws\/wp-content\/uploads\/2023\/05\/cropped-cropped-TerminosPag-02-scaled-1.webp 2358w, https:\/\/ekon.ws\/wp-content\/uploads\/2023\/05\/cropped-cropped-TerminosPag-02-scaled-1-1536x1536.webp 1536w, https:\/\/ekon.ws\/wp-content\/uploads\/2023\/05\/cropped-cropped-TerminosPag-02-scaled-1-2048x2048.webp 2048w, https:\/\/ekon.ws\/wp-content\/uploads\/2023\/05\/cropped-cropped-TerminosPag-02-scaled-1-150x150.webp 150w, https:\/\/ekon.ws\/wp-content\/uploads\/2023\/05\/cropped-cropped-TerminosPag-02-scaled-1-300x300.webp 300w, https:\/\/ekon.ws\/wp-content\/uploads\/2023\/05\/cropped-cropped-TerminosPag-02-scaled-1-768x768.webp 768w, https:\/\/ekon.ws\/wp-content\/uploads\/2023\/05\/cropped-cropped-TerminosPag-02-scaled-1-1024x1024.webp 1024w\" sizes=\"auto, (max-width: 2358px) 100vw, 2358px\" \/>\r\n                                <div class=\"h-image__frame h-hide-lg h-hide-md h-hide-sm style-973-frameImage style-local-2644-c9-frameImage\"><\/div>\r\n                              <\/div>\r\n                            <\/div>\r\n                          <\/div>\r\n                        <\/div>\r\n                      <\/div>\r\n                    <\/div>\r\n                  <\/div>\r\n                <\/div>\r\n              <\/div>\r\n            <\/div>\r\n          <\/div>\r\n        <\/div>\r\n      <\/div>\r\n    <\/div>\r\n  <\/div>\r\n  <div data-colibri-component=\"section\" data-colibri-id=\"2644-c10\" id=\"custom-2\" class=\"h-section h-section-global-spacing d-flex align-items-lg-center align-items-md-center align-items-center style-974 style-local-2644-c10 position-relative\">\r\n    <!---->\r\n    <!---->\r\n    <div class=\"h-section-grid-container h-section-boxed-container\">\r\n      <!---->\r\n      <div data-colibri-id=\"2644-c11\" class=\"h-row-container gutters-row-lg-2 gutters-row-md-2 gutters-row-0 gutters-row-v-lg-2 gutters-row-v-md-2 gutters-row-v-2 style-975 style-local-2644-c11 position-relative\">\r\n        <!---->\r\n        <div class=\"h-row justify-content-lg-center justify-content-md-center justify-content-center align-items-lg-stretch align-items-md-stretch align-items-stretch gutters-col-lg-2 gutters-col-md-2 gutters-col-0 gutters-col-v-lg-2 gutters-col-v-md-2 gutters-col-v-2\">\r\n          <!---->\r\n          <div class=\"h-column h-column-container d-flex h-col-lg-auto h-col-md-auto h-col-auto style-976-outer style-local-2644-c12-outer\">\r\n            <div data-colibri-id=\"2644-c12\" class=\"d-flex h-flex-basis h-column__inner h-px-lg-2 h-px-md-2 h-px-2 v-inner-lg-2 v-inner-md-2 v-inner-2 style-976 style-local-2644-c12 position-relative\">\r\n              <!---->\r\n              <!---->\r\n              <div class=\"w-100 h-y-container h-column__content h-column__v-align flex-basis-100 align-self-lg-start align-self-md-start align-self-start\">\r\n                <!---->\r\n                <div data-colibri-id=\"2644-c13\" class=\"d-block style-978 style-local-2644-c13 position-relative h-element\">\r\n                  <!---->\r\n                  <div class=\"h-image__frame-container-outer\">\r\n                    <div class=\"h-image__frame-container\">\r\n                      <!---->\r\n                      <!---->\r\n                      <img loading=\"lazy\" decoding=\"async\" width=\"2560\" height=\"1276\" src=\"https:\/\/ekon.ws\/wp-content\/uploads\/2023\/05\/cropped-PrivacyMediaEkon-03-scaled-2.webp\" class=\"wp-image-2649 style-978-image style-local-2644-c13-image\" alt=\"PrivacyMediaEkon-03\" srcset=\"https:\/\/ekon.ws\/wp-content\/uploads\/2023\/05\/cropped-PrivacyMediaEkon-03-scaled-2.webp 2560w, https:\/\/ekon.ws\/wp-content\/uploads\/2023\/05\/cropped-PrivacyMediaEkon-03-scaled-2-1536x766.webp 1536w, https:\/\/ekon.ws\/wp-content\/uploads\/2023\/05\/cropped-PrivacyMediaEkon-03-scaled-2-2048x1021.webp 2048w, https:\/\/ekon.ws\/wp-content\/uploads\/2023\/05\/cropped-PrivacyMediaEkon-03-scaled-2-300x150.webp 300w, https:\/\/ekon.ws\/wp-content\/uploads\/2023\/05\/cropped-PrivacyMediaEkon-03-scaled-2-768x383.webp 768w, https:\/\/ekon.ws\/wp-content\/uploads\/2023\/05\/cropped-PrivacyMediaEkon-03-scaled-2-1024x510.webp 1024w\" sizes=\"auto, (max-width: 2560px) 100vw, 2560px\" \/>\r\n                      <div class=\"h-image__frame h-hide-lg h-hide-md h-hide-sm style-978-frameImage style-local-2644-c13-frameImage\"><\/div>\r\n                    <\/div>\r\n                  <\/div>\r\n                <\/div>\r\n              <\/div>\r\n            <\/div>\r\n          <\/div>\r\n          <div class=\"h-column h-column-container d-flex h-col-lg-auto h-col-md-auto h-col-auto style-977-outer style-local-2644-c14-outer\">\r\n            <div data-colibri-id=\"2644-c14\" class=\"d-flex h-flex-basis h-column__inner h-px-lg-2 h-px-md-2 h-px-2 v-inner-lg-2 v-inner-md-2 v-inner-2 style-977 style-local-2644-c14 position-relative\">\r\n              <!---->\r\n              <!---->\r\n              <div class=\"w-100 h-y-container h-column__content h-column__v-align flex-basis-100 align-self-lg-start align-self-md-start align-self-start\">\r\n                <!---->\r\n                <div data-colibri-id=\"2644-c15\" class=\"h-text h-text-component style-979 style-local-2644-c15 position-relative h-element\">\r\n                  <!---->\r\n                  <!---->\r\n                  <div class=\"\">\r\n                    <p>EC ESTRATEGIA EMPRENDEDORA S.A. DE C.V. SOFOM ENR, conocida p\u00fablicamente y m\u00e1s adelante tambi\u00e9n abreviado como EKON, ofrece al p\u00fablico en general los productos y servicios financieros disponibles en este portal (el \u201cPortal\u201d), sujeto\r\n                      a los siguientes t\u00e9rminos y condiciones.\r\n                      <br>\r\n                      <br><strong>SI NO EST\u00c1S DE ACUERDO CON LOS T\u00c9RMINOS Y CONDICIONES DEL PRESENTE CONTRATO, NO NAVEGUE A TRAV\u00c9S DE ESTE PORTAL.<\/strong><\/p>\r\n                  <\/div>\r\n                <\/div>\r\n              <\/div>\r\n            <\/div>\r\n          <\/div>\r\n        <\/div>\r\n      <\/div>\r\n    <\/div>\r\n  <\/div>\r\n  <div data-colibri-component=\"section\" data-colibri-id=\"2644-c61\" id=\"custom-3\" class=\"h-section h-section-global-spacing d-flex align-items-lg-center align-items-md-center align-items-center style-1196 style-local-2644-c61 position-relative\">\r\n    <!---->\r\n    <!---->\r\n    <div class=\"h-section-grid-container h-section-boxed-container\">\r\n      <!---->\r\n      <div data-colibri-id=\"2644-c64\" class=\"h-row-container gutters-row-lg-2 gutters-row-md-2 gutters-row-0 gutters-row-v-lg-2 gutters-row-v-md-2 gutters-row-v-2 style-1199 style-local-2644-c64 position-relative\">\r\n        <!---->\r\n        <div class=\"h-row justify-content-lg-center justify-content-md-center justify-content-center align-items-lg-stretch align-items-md-stretch align-items-stretch gutters-col-lg-2 gutters-col-md-2 gutters-col-0 gutters-col-v-lg-2 gutters-col-v-md-2 gutters-col-v-2\">\r\n          <!---->\r\n          <div class=\"h-column h-column-container d-flex h-col-lg-auto h-col-md-auto h-col-auto style-1200-outer style-local-2644-c65-outer\">\r\n            <div data-colibri-id=\"2644-c65\" class=\"d-flex h-flex-basis h-column__inner h-px-lg-2 h-px-md-2 h-px-2 v-inner-lg-2 v-inner-md-2 v-inner-2 style-1200 style-local-2644-c65 position-relative\">\r\n              <!---->\r\n              <!---->\r\n              <div class=\"w-100 h-y-container h-column__content h-column__v-align flex-basis-100 align-self-lg-center align-self-md-center align-self-center\">\r\n                <!---->\r\n                <div data-colibri-id=\"2644-c66\" class=\"d-block style-1201 style-local-2644-c66 position-relative h-element\">\r\n                  <!---->\r\n                  <div class=\"h-image__frame-container-outer\">\r\n                    <div class=\"h-image__frame-container\">\r\n                      <!---->\r\n                      <!---->\r\n                      <img loading=\"lazy\" decoding=\"async\" width=\"1320\" height=\"340\" src=\"https:\/\/ekon.ws\/wp-content\/uploads\/2023\/05\/Asset-2@4x-8.png\" class=\"wp-image-1176 style-1201-image style-local-2644-c66-image\" alt=\"Logo Ekon\" srcset=\"https:\/\/ekon.ws\/wp-content\/uploads\/2023\/05\/Asset-2@4x-8.png 1320w, https:\/\/ekon.ws\/wp-content\/uploads\/2023\/05\/Asset-2@4x-8-300x77.png 300w, https:\/\/ekon.ws\/wp-content\/uploads\/2023\/05\/Asset-2@4x-8-1024x264.png 1024w, https:\/\/ekon.ws\/wp-content\/uploads\/2023\/05\/Asset-2@4x-8-768x198.png 768w, https:\/\/ekon.ws\/wp-content\/uploads\/2023\/05\/Asset-2@4x-8-1080x278.png 1080w, https:\/\/ekon.ws\/wp-content\/uploads\/2023\/05\/Asset-2@4x-8-1280x330.png 1280w, https:\/\/ekon.ws\/wp-content\/uploads\/2023\/05\/Asset-2@4x-8-980x252.png 980w, https:\/\/ekon.ws\/wp-content\/uploads\/2023\/05\/Asset-2@4x-8-480x124.png 480w\" sizes=\"auto, (max-width: 1320px) 100vw, 1320px\" \/>\r\n                      <div class=\"h-image__frame h-hide-lg h-hide-md h-hide-sm style-1201-frameImage style-local-2644-c66-frameImage\"><\/div>\r\n                    <\/div>\r\n                  <\/div>\r\n                <\/div>\r\n              <\/div>\r\n            <\/div>\r\n          <\/div>\r\n          <div class=\"h-column h-column-container d-flex h-col-lg-auto h-col-md-auto h-col-auto style-1202-outer style-local-2644-c67-outer\">\r\n            <div data-colibri-id=\"2644-c67\" class=\"d-flex h-flex-basis h-column__inner h-px-lg-2 h-px-md-2 h-px-2 v-inner-lg-2 v-inner-md-2 v-inner-2 style-1202 style-local-2644-c67 position-relative\">\r\n              <!---->\r\n              <!---->\r\n              <div class=\"w-100 h-y-container h-column__content h-column__v-align flex-basis-100 align-self-lg-center align-self-md-center align-self-center\">\r\n                <!---->\r\n                <div data-colibri-id=\"2644-c68\" class=\"h-text h-text-component style-1203 style-local-2644-c68 position-relative h-element\">\r\n                  <!---->\r\n                  <!---->\r\n                  <div class=\"\">\r\n                    <h1>Est\u00e1 secci\u00f3n esta temporalmente en mantenimiento.\r\n                      <br><span style=\"color: rgb(14, 173, 105);\">!Gracias por su paciencia!<\/span><\/h1>\r\n                    <p>\r\n                      <br>\r\n                    <\/p>\r\n                  <\/div>\r\n                <\/div>\r\n              <\/div>\r\n            <\/div>\r\n          <\/div>\r\n        <\/div>\r\n      <\/div>\r\n    <\/div>\r\n  <\/div>\r\n  <div data-colibri-component=\"section\" data-colibri-id=\"2644-c53\" id=\"custom-4\" class=\"h-section h-section-global-spacing d-flex align-items-lg-center align-items-md-center align-items-center style-1053 style-local-2644-c53 position-relative\">\r\n    <!---->\r\n    <!---->\r\n    <div class=\"h-section-grid-container h-section-boxed-container\">\r\n      <!---->\r\n      <div data-colibri-id=\"2644-c54\" class=\"h-row-container gutters-row-lg-2 gutters-row-md-2 gutters-row-0 gutters-row-v-lg-2 gutters-row-v-md-2 gutters-row-v-2 style-1054 style-local-2644-c54 position-relative\">\r\n        <!---->\r\n        <div class=\"h-row justify-content-lg-center justify-content-md-center justify-content-center align-items-lg-stretch align-items-md-stretch align-items-stretch gutters-col-lg-2 gutters-col-md-2 gutters-col-0 gutters-col-v-lg-2 gutters-col-v-md-2 gutters-col-v-2\">\r\n          <!---->\r\n          <div class=\"h-column h-column-container d-flex h-col-lg-auto h-col-md-auto h-col-auto style-1055-outer style-local-2644-c55-outer\">\r\n            <div data-colibri-id=\"2644-c55\" class=\"d-flex h-flex-basis h-column__inner h-px-lg-2 h-px-md-2 h-px-2 v-inner-lg-2 v-inner-md-2 v-inner-2 style-1055 style-local-2644-c55 position-relative\">\r\n              <!---->\r\n              <!---->\r\n              <div class=\"w-100 h-y-container h-column__content h-column__v-align flex-basis-100 align-self-lg-center align-self-md-center align-self-center\">\r\n                <!---->\r\n                <div data-colibri-id=\"2644-c56\" class=\"d-block style-1059 style-local-2644-c56 position-relative h-element\">\r\n                  <!---->\r\n                  <div class=\"h-image__frame-container-outer\">\r\n                    <a href=\"https:\/\/www.banxico.org.mx\/\" h-use-smooth-scroll=\"true\" class=\"image-link\">\r\n                      <div class=\"h-image__frame-container\">\r\n                        <!---->\r\n                        <!---->\r\n                        <img loading=\"lazy\" decoding=\"async\" width=\"1709\" height=\"841\" src=\"https:\/\/ekon.ws\/wp-content\/uploads\/2022\/12\/cropped-LogosEkonBancos-02.png\" class=\"wp-image-2655 style-1059-image style-local-2644-c56-image\" alt=\"Ekon Financiera Regulada por Banco de M\u00e9xico\" srcset=\"https:\/\/ekon.ws\/wp-content\/uploads\/2022\/12\/cropped-LogosEkonBancos-02.png 1709w, https:\/\/ekon.ws\/wp-content\/uploads\/2022\/12\/cropped-LogosEkonBancos-02-1536x756.png 1536w, https:\/\/ekon.ws\/wp-content\/uploads\/2022\/12\/cropped-LogosEkonBancos-02-300x148.png 300w, https:\/\/ekon.ws\/wp-content\/uploads\/2022\/12\/cropped-LogosEkonBancos-02-768x378.png 768w, https:\/\/ekon.ws\/wp-content\/uploads\/2022\/12\/cropped-LogosEkonBancos-02-1024x504.png 1024w\" sizes=\"auto, (max-width: 1709px) 100vw, 1709px\" \/>\r\n                        <div class=\"h-image__frame h-hide-lg h-hide-md h-hide-sm style-1059-frameImage style-local-2644-c56-frameImage\"><\/div>\r\n                      <\/div>\r\n                    <\/a>\r\n                  <\/div>\r\n                <\/div>\r\n              <\/div>\r\n            <\/div>\r\n          <\/div>\r\n          <div class=\"h-column h-column-container d-flex h-col-lg-auto h-col-md-auto h-col-auto style-1057-outer style-local-2644-c57-outer\">\r\n            <div data-colibri-id=\"2644-c57\" class=\"d-flex h-flex-basis h-column__inner h-px-lg-2 h-px-md-2 h-px-2 v-inner-lg-2 v-inner-md-2 v-inner-2 style-1057 style-local-2644-c57 position-relative\">\r\n              <!---->\r\n              <!---->\r\n              <div class=\"w-100 h-y-container h-column__content h-column__v-align flex-basis-100 align-self-lg-center align-self-md-center align-self-center\">\r\n                <!---->\r\n                <div data-colibri-id=\"2644-c58\" class=\"d-block style-1061 style-local-2644-c58 position-relative h-element\">\r\n                  <!---->\r\n                  <div class=\"h-image__frame-container-outer\">\r\n                    <a href=\"https:\/\/www.circulodecredito.com.mx\/credit-score?gad_source=1&amp;gad_campaignid=20288097498&amp;gbraid=0AAAAApaqhjlDO5AJVakpzNIqRoimMoUqO&amp;gclid=Cj0KCQjw3aLHBhDTARIsAIRij59l_Ajx-PGgIipkWcEJzL3lGOtEMeMeHBvGS8zcZ_qM-y0vOGd14VgaArjQEALw_wcB\"\r\n                      h-use-smooth-scroll=\"true\" class=\"image-link\">\r\n                      <div class=\"h-image__frame-container\">\r\n                        <!---->\r\n                        <!---->\r\n                        <img loading=\"lazy\" decoding=\"async\" width=\"839\" height=\"842\" src=\"https:\/\/ekon.ws\/wp-content\/uploads\/2022\/12\/LogosEkonBancos-04.png\" class=\"wp-image-989 style-1061-image style-local-2644-c58-image\" alt=\"Ekon Financiera C\u00edrculo de Cr\u00e9dito\" srcset=\"https:\/\/ekon.ws\/wp-content\/uploads\/2022\/12\/LogosEkonBancos-04.png 839w, https:\/\/ekon.ws\/wp-content\/uploads\/2022\/12\/LogosEkonBancos-04-300x300.png 300w, https:\/\/ekon.ws\/wp-content\/uploads\/2022\/12\/LogosEkonBancos-04-150x150.png 150w, https:\/\/ekon.ws\/wp-content\/uploads\/2022\/12\/LogosEkonBancos-04-768x771.png 768w, https:\/\/ekon.ws\/wp-content\/uploads\/2022\/12\/LogosEkonBancos-04-480x482.png 480w\" sizes=\"auto, (max-width: 839px) 100vw, 839px\" \/>\r\n                        <div class=\"h-image__frame h-hide-lg h-hide-md h-hide-sm style-1061-frameImage style-local-2644-c58-frameImage\"><\/div>\r\n                      <\/div>\r\n                    <\/a>\r\n                  <\/div>\r\n                <\/div>\r\n              <\/div>\r\n            <\/div>\r\n          <\/div>\r\n          <div class=\"h-column h-column-container d-flex h-col-lg-auto h-col-md-auto h-col-auto style-1056-outer style-local-2644-c59-outer\">\r\n            <div data-colibri-id=\"2644-c59\" class=\"d-flex h-flex-basis h-column__inner h-px-lg-2 h-px-md-2 h-px-2 v-inner-lg-2 v-inner-md-2 v-inner-2 style-1056 style-local-2644-c59 position-relative\">\r\n              <!---->\r\n              <!---->\r\n              <div class=\"w-100 h-y-container h-column__content h-column__v-align flex-basis-100 align-self-lg-center align-self-md-center align-self-center\">\r\n                <!---->\r\n                <div data-colibri-id=\"2644-c60\" class=\"d-block style-1060 style-local-2644-c60 position-relative h-element\">\r\n                  <!---->\r\n                  <div class=\"h-image__frame-container-outer\">\r\n                    <a href=\"https:\/\/www.gob.mx\/cnbv\" h-use-smooth-scroll=\"true\" class=\"image-link\">\r\n                      <div class=\"h-image__frame-container\">\r\n                        <!---->\r\n                        <!---->\r\n                        <img loading=\"lazy\" decoding=\"async\" width=\"2126\" height=\"544\" src=\"https:\/\/ekon.ws\/wp-content\/uploads\/2022\/12\/LogosEkonBancos-03.png\" class=\"wp-image-990 style-1060-image style-local-2644-c60-image\" alt=\"Ekon Financiera Regulada por Comisi\u00f3n Nacional Bancaria y de Valores\" srcset=\"https:\/\/ekon.ws\/wp-content\/uploads\/2022\/12\/LogosEkonBancos-03.png 2126w, https:\/\/ekon.ws\/wp-content\/uploads\/2022\/12\/LogosEkonBancos-03-300x77.png 300w, https:\/\/ekon.ws\/wp-content\/uploads\/2022\/12\/LogosEkonBancos-03-1024x262.png 1024w, https:\/\/ekon.ws\/wp-content\/uploads\/2022\/12\/LogosEkonBancos-03-768x197.png 768w, https:\/\/ekon.ws\/wp-content\/uploads\/2022\/12\/LogosEkonBancos-03-1536x393.png 1536w, https:\/\/ekon.ws\/wp-content\/uploads\/2022\/12\/LogosEkonBancos-03-2048x524.png 2048w, https:\/\/ekon.ws\/wp-content\/uploads\/2022\/12\/LogosEkonBancos-03-1080x276.png 1080w, https:\/\/ekon.ws\/wp-content\/uploads\/2022\/12\/LogosEkonBancos-03-1280x328.png 1280w, https:\/\/ekon.ws\/wp-content\/uploads\/2022\/12\/LogosEkonBancos-03-980x251.png 980w, https:\/\/ekon.ws\/wp-content\/uploads\/2022\/12\/LogosEkonBancos-03-480x123.png 480w\" sizes=\"auto, (max-width: 2126px) 100vw, 2126px\" \/>\r\n                        <div class=\"h-image__frame h-hide-lg h-hide-md h-hide-sm style-1060-frameImage style-local-2644-c60-frameImage\"><\/div>\r\n                      <\/div>\r\n                    <\/a>\r\n                  <\/div>\r\n                <\/div>\r\n              <\/div>\r\n            <\/div>\r\n          <\/div>\r\n        <\/div>\r\n      <\/div>\r\n    <\/div>\r\n  <\/div>\r\n<\/div>","protected":false},"excerpt":{"rendered":"<p>T\u00e9rminos y Condiciones EC ESTRATEGIA EMPRENDEDORA S.A. DE C.V. SOFOM ENR, conocida p\u00fablicamente y m\u00e1s adelante tambi\u00e9n abreviado como EKON, ofrece al p\u00fablico en general los productos y servicios financieros disponibles en este portal (el \u201cPortal\u201d), sujeto a los siguientes t\u00e9rminos y condiciones. SI NO EST\u00c1S DE ACUERDO CON LOS T\u00c9RMINOS Y CONDICIONES DEL PRESENTE [&hellip;]<\/p>\n","protected":false},"author":1,"featured_media":0,"parent":0,"menu_order":0,"comment_status":"closed","ping_status":"closed","template":"page-templates\/full-width-page.php","meta":{"footnotes":""},"class_list":["post-2644","page","type-page","status-publish","hentry"],"_links":{"self":[{"href":"https:\/\/ekon.ws\/inicio\/wp-json\/wp\/v2\/pages\/2644","targetHints":{"allow":["GET"]}}],"collection":[{"href":"https:\/\/ekon.ws\/inicio\/wp-json\/wp\/v2\/pages"}],"about":[{"href":"https:\/\/ekon.ws\/inicio\/wp-json\/wp\/v2\/types\/page"}],"author":[{"embeddable":true,"href":"https:\/\/ekon.ws\/inicio\/wp-json\/wp\/v2\/users\/1"}],"replies":[{"embeddable":true,"href":"https:\/\/ekon.ws\/inicio\/wp-json\/wp\/v2\/comments?post=2644"}],"version-history":[{"count":11,"href":"https:\/\/ekon.ws\/inicio\/wp-json\/wp\/v2\/pages\/2644\/revisions"}],"predecessor-version":[{"id":2771,"href":"https:\/\/ekon.ws\/inicio\/wp-json\/wp\/v2\/pages\/2644\/revisions\/2771"}],"wp:attachment":[{"href":"https:\/\/ekon.ws\/inicio\/wp-json\/wp\/v2\/media?parent=2644"}],"curies":[{"name":"wp","href":"https:\/\/api.w.org\/{rel}","templated":true}]}}