{"id":2745,"date":"2025-10-10T20:44:22","date_gmt":"2025-10-10T20:44:22","guid":{"rendered":"https:\/\/ekon.ws\/inicio\/?page_id=2745"},"modified":"2025-10-10T21:54:06","modified_gmt":"2025-10-10T21:54:06","slug":"buro-de-entidades-financieras","status":"publish","type":"page","link":"https:\/\/ekon.ws\/inicio\/buro-de-entidades-financieras\/","title":{"rendered":"Bur\u00f3"},"content":{"rendered":"<div data-colibri-id=\"2745-c1\" class=\"style-1163 style-local-2745-c1 position-relative\">\r\n  <!---->\r\n  <div data-colibri-component=\"section\" data-colibri-id=\"2745-c2\" id=\"custom\" class=\"h-section h-section-global-spacing d-flex align-items-lg-center align-items-md-center align-items-center style-1164 style-local-2745-c2 position-relative\">\r\n    <!---->\r\n    <!---->\r\n    <div class=\"h-section-grid-container h-section-boxed-container\">\r\n      <!---->\r\n      <div data-colibri-id=\"2745-c3\" class=\"h-row-container gutters-row-lg-2 gutters-row-md-2 gutters-row-0 gutters-row-v-lg-2 gutters-row-v-md-2 gutters-row-v-2 style-1165 style-local-2745-c3 position-relative\">\r\n        <!---->\r\n        <div class=\"h-row justify-content-lg-center justify-content-md-center justify-content-center align-items-lg-stretch align-items-md-stretch align-items-stretch gutters-col-lg-2 gutters-col-md-2 gutters-col-0 gutters-col-v-lg-2 gutters-col-v-md-2 gutters-col-v-2\">\r\n          <!---->\r\n          <div class=\"h-column h-column-container d-flex h-col-lg-auto h-col-md-auto h-col-auto style-1166-outer style-local-2745-c4-outer\">\r\n            <div data-colibri-id=\"2745-c4\" class=\"d-flex h-flex-basis h-column__inner h-px-lg-2 h-px-md-2 h-px-2 v-inner-lg-2 v-inner-md-2 v-inner-2 style-1166 style-local-2745-c4 position-relative\">\r\n              <!---->\r\n              <!---->\r\n              <div class=\"w-100 h-y-container h-column__content h-column__v-align flex-basis-100 align-self-lg-start align-self-md-start align-self-start\">\r\n                <!---->\r\n                <div data-colibri-id=\"2745-c5\" class=\"h-row-container gutters-row-lg-2 gutters-row-md-2 gutters-row-0 gutters-row-v-lg-2 gutters-row-v-md-2 gutters-row-v-2 style-1167 style-local-2745-c5 position-relative\">\r\n                  <!---->\r\n                  <div class=\"h-row justify-content-lg-center justify-content-md-center justify-content-center align-items-lg-stretch align-items-md-stretch align-items-stretch gutters-col-lg-2 gutters-col-md-2 gutters-col-0 gutters-col-v-lg-2 gutters-col-v-md-2 gutters-col-v-2\">\r\n                    <!---->\r\n                    <div class=\"h-column h-column-container d-flex h-col-lg-auto h-col-md-auto h-col-auto style-1168-outer style-local-2745-c6-outer\">\r\n                      <div data-colibri-id=\"2745-c6\" class=\"d-flex h-flex-basis h-column__inner h-px-lg-2 h-px-md-2 h-px-2 v-inner-lg-2 v-inner-md-2 v-inner-2 style-1168 style-local-2745-c6 position-relative\">\r\n                        <!---->\r\n                        <!---->\r\n                        <div class=\"w-100 h-y-container h-column__content h-column__v-align flex-basis-100 align-self-lg-center align-self-md-center align-self-center\">\r\n                          <!---->\r\n                          <div data-colibri-id=\"2745-c9\" class=\"d-block style-1171 style-local-2745-c9 position-relative h-element\">\r\n                            <!---->\r\n                            <div class=\"h-image__frame-container-outer\">\r\n                              <div class=\"h-image__frame-container\">\r\n                                <!---->\r\n                                <!---->\r\n                                <img loading=\"lazy\" decoding=\"async\" width=\"316\" height=\"316\" src=\"https:\/\/ekon.ws\/wp-content\/uploads\/2024\/05\/cropped-logo-buro-entidades-financieras.png.img_.320.1572030879226.png\" class=\"wp-image-1840 style-1171-image style-local-2745-c9-image\" alt=\"\" srcset=\"https:\/\/ekon.ws\/wp-content\/uploads\/2024\/05\/cropped-logo-buro-entidades-financieras.png.img_.320.1572030879226.png 316w, https:\/\/ekon.ws\/wp-content\/uploads\/2024\/05\/cropped-logo-buro-entidades-financieras.png.img_.320.1572030879226-300x300.png 300w, https:\/\/ekon.ws\/wp-content\/uploads\/2024\/05\/cropped-logo-buro-entidades-financieras.png.img_.320.1572030879226-150x150.png 150w\" sizes=\"auto, (max-width: 316px) 100vw, 316px\" \/>\r\n                                <div class=\"h-image__frame h-hide-lg h-hide-md h-hide-sm style-1171-frameImage style-local-2745-c9-frameImage\"><\/div>\r\n                              <\/div>\r\n                            <\/div>\r\n                          <\/div>\r\n                        <\/div>\r\n                      <\/div>\r\n                    <\/div>\r\n                    <div class=\"h-column h-column-container d-flex h-col-lg-auto h-col-md-auto h-col-auto style-1169-outer style-local-2745-c7-outer\">\r\n                      <div data-colibri-id=\"2745-c7\" class=\"d-flex h-flex-basis h-column__inner h-px-lg-2 h-px-md-2 h-px-2 v-inner-lg-2 v-inner-md-2 v-inner-2 style-1169 style-local-2745-c7 position-relative\">\r\n                        <!---->\r\n                        <!---->\r\n                        <div class=\"w-100 h-y-container h-column__content h-column__v-align flex-basis-100 align-self-lg-center align-self-md-center align-self-center\">\r\n                          <!---->\r\n                          <div data-colibri-id=\"2745-c8\" class=\"h-text h-text-component style-1170 style-local-2745-c8 position-relative h-element\">\r\n                            <!---->\r\n                            <!---->\r\n                            <div class=\"\">\r\n                              <h1>\u00bfQu\u00e9 es el <span style=\"color: rgb(14, 173, 105);\">Bur\u00f3 de Entidades Financieras<\/span>?<\/h1>\r\n                            <\/div>\r\n                          <\/div>\r\n                        <\/div>\r\n                      <\/div>\r\n                    <\/div>\r\n                  <\/div>\r\n                <\/div>\r\n              <\/div>\r\n            <\/div>\r\n          <\/div>\r\n        <\/div>\r\n      <\/div>\r\n    <\/div>\r\n  <\/div>\r\n  <div data-colibri-component=\"section\" data-colibri-id=\"2745-c10\" id=\"custom-2\" class=\"h-section h-section-global-spacing d-flex align-items-lg-center align-items-md-center align-items-center style-1172 style-local-2745-c10 position-relative\">\r\n    <!---->\r\n    <!---->\r\n    <div class=\"h-section-grid-container h-section-boxed-container\">\r\n      <!---->\r\n      <div data-colibri-id=\"2745-c13\" class=\"h-row-container gutters-row-lg-2 gutters-row-md-2 gutters-row-0 gutters-row-v-lg-2 gutters-row-v-md-2 gutters-row-v-2 style-1175 style-local-2745-c13 position-relative\">\r\n        <!---->\r\n        <div class=\"h-row justify-content-lg-center justify-content-md-center justify-content-center align-items-lg-stretch align-items-md-stretch align-items-stretch gutters-col-lg-2 gutters-col-md-2 gutters-col-0 gutters-col-v-lg-2 gutters-col-v-md-2 gutters-col-v-2\">\r\n          <!---->\r\n          <div class=\"h-column h-column-container d-flex h-col-lg-auto h-col-md-auto h-col-auto style-1176-outer style-local-2745-c14-outer\">\r\n            <div data-colibri-id=\"2745-c14\" class=\"d-flex h-flex-basis h-column__inner h-px-lg-2 h-px-md-2 h-px-2 v-inner-lg-2 v-inner-md-2 v-inner-2 style-1176 style-local-2745-c14 position-relative\">\r\n              <!---->\r\n              <!---->\r\n              <div class=\"w-100 h-y-container h-column__content h-column__v-align flex-basis-100 align-self-lg-start align-self-md-start align-self-start\">\r\n                <!---->\r\n                <div data-colibri-id=\"2745-c15\" class=\"h-text h-text-component style-1177 style-local-2745-c15 position-relative h-element\">\r\n                  <!---->\r\n                  <!---->\r\n                  <div class=\"\">\r\n                    <p><strong style=\"font-weight: 700;\">Es una herramienta de consulta y difusi\u00f3n con la que podr\u00e1s conocer los productos que ofrecen las entidades financieras, sus comisiones y tasas, las reclamaciones de los usuarios, las pr\u00e1cticas no sanas en que incurren, las sanciones administrativas que les han impuesto, las cl\u00e1usulas abusivas de sus contratos y otra informaci\u00f3n que resulte relevante para informarte sobre su desempe\u00f1o.<\/strong><\/p>\r\n                    <ul>\r\n                      <li>Con el Bur\u00f3 de Entidades Financieras, se lograr\u00e1 saber qui\u00e9n es qui\u00e9n en bancos, seguros, sociedades financieras de objeto m\u00faltiple, cajas de ahorro, afores, entre otras entidades.<\/li>\r\n                      <li>Con ello, podr\u00e1s comparar y evaluar a las entidades financieras, sus productos y servicios y tendr\u00e1s mayores elementos para elegir lo que m\u00e1s te convenga.<\/li>\r\n                      <li>Esta informaci\u00f3n te ser\u00e1 \u00fatil para elegir un producto financiero y tambi\u00e9n para conocer y usar mejor los que ya tienes.<\/li>\r\n                      <li>El Bur\u00f3 de Entidades Financieras, es una herramienta que puede contribuir al crecimiento econ\u00f3mico del pa\u00eds, al promover la competencia entre las instituciones financieras; que impulsar\u00e1 la transparencia al revelar informaci\u00f3n a\r\n                        los usuarios sobre el desempe\u00f1o de \u00e9stas y los productos que ofrecen y que va a facilitar un manejo responsable de los productos y servicios financieros al conocer a detalle sus caracter\u00edsticas.<\/li>\r\n                      <li>Lo anterior, podr\u00e1 derivar en un mayor bienestar social, porque al conjuntar en un solo espacio tan diversa informaci\u00f3n del sistema financiero, el usuario tendr\u00e1 m\u00e1s elementos para optimizar su presupuesto, para mejorar sus finanzas\r\n                        personales, para utilizar correctamente los cr\u00e9ditos que fortalecer\u00e1n su econom\u00eda y obtener los seguros que la protejan, entre otros aspectos.<\/li>\r\n                    <\/ul>\r\n                  <\/div>\r\n                <\/div>\r\n              <\/div>\r\n            <\/div>\r\n          <\/div>\r\n        <\/div>\r\n      <\/div>\r\n      <div data-colibri-id=\"2745-c11\" class=\"h-row-container gutters-row-lg-2 gutters-row-md-2 gutters-row-0 gutters-row-v-lg-2 gutters-row-v-md-2 gutters-row-v-2 style-1173 style-local-2745-c11 position-relative\">\r\n        <!---->\r\n        <div class=\"h-row justify-content-lg-center justify-content-md-center justify-content-center align-items-lg-stretch align-items-md-stretch align-items-stretch gutters-col-lg-2 gutters-col-md-2 gutters-col-0 gutters-col-v-lg-2 gutters-col-v-md-2 gutters-col-v-2\">\r\n          <!---->\r\n          <div class=\"h-column h-column-container d-flex h-col-lg-auto h-col-md-auto h-col-auto style-1174-outer style-local-2745-c12-outer\">\r\n            <div data-colibri-id=\"2745-c12\" class=\"d-flex h-flex-basis h-column__inner h-px-lg-2 h-px-md-2 h-px-2 v-inner-lg-2 v-inner-md-2 v-inner-2 style-1174 style-local-2745-c12 position-relative\">\r\n              <!---->\r\n              <!---->\r\n              <div class=\"w-100 h-y-container h-column__content h-column__v-align flex-basis-100 align-self-lg-start align-self-md-start align-self-start\">\r\n                <!---->\r\n                <div data-colibri-id=\"2745-c16\" class=\"h-text h-text-component style-1178 style-local-2745-c16 position-relative h-element\">\r\n                  <!---->\r\n                  <!---->\r\n                  <div class=\"\">\r\n                    <h1><strong>Informaci\u00f3n EKON<\/strong><\/h1>\r\n                    <p>El Bur\u00f3 de Entidades Financieras contiene informaci\u00f3n de EC ESTRATEGIA EMPRENDEDORA S.A. de C.V., SOFOM, E.N.R. (EKON) sobre nuestro desempe\u00f1o frente a los Usuarios, por la prestaci\u00f3n de productos y servicios.\r\n                      <br>&nbsp;<\/p>\r\n                    <p>Te invitamos a consultarlo en la p\u00e1gina\r\n                      <a href=\"http:\/\/www.buro.gob.mx\" class=\"customize-unpreviewable\">http:\/\/www.buro.gob.mx<\/a> o en este apartado.<\/p>\r\n                  <\/div>\r\n                <\/div>\r\n              <\/div>\r\n            <\/div>\r\n          <\/div>\r\n        <\/div>\r\n      <\/div>\r\n    <\/div>\r\n  <\/div>\r\n  <div data-colibri-component=\"section\" data-colibri-id=\"2745-c17\" id=\"custom-3\" class=\"h-section h-section-global-spacing d-flex align-items-lg-center align-items-md-center align-items-center style-1179 style-local-2745-c17 position-relative\">\r\n    <!---->\r\n    <!---->\r\n    <div class=\"h-section-grid-container h-section-boxed-container\">\r\n      <!---->\r\n      <div data-colibri-id=\"2745-c20\" class=\"h-row-container gutters-row-lg-2 gutters-row-md-2 gutters-row-0 gutters-row-v-lg-2 gutters-row-v-md-2 gutters-row-v-2 style-1182 style-local-2745-c20 position-relative\">\r\n        <!---->\r\n        <div class=\"h-row justify-content-lg-center justify-content-md-center justify-content-center align-items-lg-stretch align-items-md-stretch align-items-stretch gutters-col-lg-2 gutters-col-md-2 gutters-col-0 gutters-col-v-lg-2 gutters-col-v-md-2 gutters-col-v-2\">\r\n          <!---->\r\n          <div class=\"h-column h-column-container d-flex h-col-lg-auto h-col-md-auto h-col-auto style-1183-outer style-local-2745-c21-outer\">\r\n            <div data-colibri-id=\"2745-c21\" class=\"d-flex h-flex-basis h-column__inner h-px-lg-2 h-px-md-2 h-px-2 v-inner-lg-2 v-inner-md-2 v-inner-2 style-1183 style-local-2745-c21 position-relative\">\r\n              <!---->\r\n              <!---->\r\n              <div class=\"w-100 h-y-container h-column__content h-column__v-align flex-basis-100 align-self-lg-start align-self-md-start align-self-start\">\r\n                <!---->\r\n                <div data-colibri-id=\"2745-c22\" class=\"d-block style-1184 style-local-2745-c22 position-relative h-element\">\r\n                  <!---->\r\n                  <div class=\"h-image__frame-container-outer\">\r\n                    <div class=\"h-image__frame-container\">\r\n                      <!---->\r\n                      <!---->\r\n                      <img loading=\"lazy\" decoding=\"async\" width=\"884\" height=\"392\" src=\"https:\/\/ekon.ws\/wp-content\/uploads\/2025\/10\/cumplimientojun2025.png\" class=\"wp-image-2749 style-1184-image style-local-2745-c22-image\" alt=\"\" srcset=\"https:\/\/ekon.ws\/wp-content\/uploads\/2025\/10\/cumplimientojun2025.png 884w, https:\/\/ekon.ws\/wp-content\/uploads\/2025\/10\/cumplimientojun2025-300x133.png 300w, https:\/\/ekon.ws\/wp-content\/uploads\/2025\/10\/cumplimientojun2025-768x341.png 768w\" sizes=\"auto, (max-width: 884px) 100vw, 884px\" \/>\r\n                      <div class=\"h-image__frame h-hide-lg h-hide-md h-hide-sm style-1184-frameImage style-local-2745-c22-frameImage\"><\/div>\r\n                    <\/div>\r\n                  <\/div>\r\n                <\/div>\r\n              <\/div>\r\n            <\/div>\r\n          <\/div>\r\n        <\/div>\r\n      <\/div>\r\n      <div data-colibri-id=\"2745-c29\" class=\"h-row-container gutters-row-lg-2 gutters-row-md-2 gutters-row-0 gutters-row-v-lg-2 gutters-row-v-md-2 gutters-row-v-2 style-1191 style-local-2745-c29 position-relative\">\r\n        <!---->\r\n        <div class=\"h-row justify-content-lg-center justify-content-md-center justify-content-center align-items-lg-stretch align-items-md-stretch align-items-stretch gutters-col-lg-2 gutters-col-md-2 gutters-col-0 gutters-col-v-lg-2 gutters-col-v-md-2 gutters-col-v-2\">\r\n          <!---->\r\n          <div class=\"h-column h-column-container d-flex h-col-lg-auto h-col-md-auto h-col-auto style-1192-outer style-local-2745-c30-outer\">\r\n            <div data-colibri-id=\"2745-c30\" class=\"d-flex h-flex-basis h-column__inner h-px-lg-2 h-px-md-2 h-px-2 v-inner-lg-2 v-inner-md-2 v-inner-2 style-1192 style-local-2745-c30 position-relative\">\r\n              <!---->\r\n              <!---->\r\n              <div class=\"w-100 h-y-container h-column__content h-column__v-align flex-basis-100 align-self-lg-start align-self-md-start align-self-start\">\r\n                <!---->\r\n                <div data-colibri-id=\"2745-c31\" class=\"d-block style-1193 style-local-2745-c31 position-relative h-element\">\r\n                  <!---->\r\n                  <div class=\"h-image__frame-container-outer\">\r\n                    <div class=\"h-image__frame-container\">\r\n                      <!---->\r\n                      <!---->\r\n                      <img loading=\"lazy\" decoding=\"async\" width=\"884\" height=\"286\" src=\"https:\/\/ekon.ws\/wp-content\/uploads\/2025\/10\/calificacion-jun2025.png\" class=\"wp-image-2748 style-1193-image style-local-2745-c31-image\" alt=\"\" srcset=\"https:\/\/ekon.ws\/wp-content\/uploads\/2025\/10\/calificacion-jun2025.png 884w, https:\/\/ekon.ws\/wp-content\/uploads\/2025\/10\/calificacion-jun2025-300x97.png 300w, https:\/\/ekon.ws\/wp-content\/uploads\/2025\/10\/calificacion-jun2025-768x248.png 768w\" sizes=\"auto, (max-width: 884px) 100vw, 884px\" \/>\r\n                      <div class=\"h-image__frame h-hide-lg h-hide-md h-hide-sm style-1193-frameImage style-local-2745-c31-frameImage\"><\/div>\r\n                    <\/div>\r\n                  <\/div>\r\n                <\/div>\r\n              <\/div>\r\n            <\/div>\r\n          <\/div>\r\n        <\/div>\r\n      <\/div>\r\n    <\/div>\r\n  <\/div>\r\n  <div data-colibri-component=\"section\" data-colibri-id=\"2745-c23\" id=\"custom-4\" class=\"h-section h-section-global-spacing d-flex align-items-lg-center align-items-md-center align-items-center style-1185 style-local-2745-c23 position-relative\">\r\n    <!---->\r\n    <!---->\r\n    <div class=\"h-section-grid-container h-section-boxed-container\">\r\n      <!---->\r\n      <div data-colibri-id=\"2745-c26\" class=\"h-row-container gutters-row-lg-2 gutters-row-md-2 gutters-row-0 gutters-row-v-lg-2 gutters-row-v-md-2 gutters-row-v-2 style-1188 style-local-2745-c26 position-relative\">\r\n        <!---->\r\n        <div class=\"h-row justify-content-lg-center justify-content-md-center justify-content-center align-items-lg-stretch align-items-md-stretch align-items-stretch gutters-col-lg-2 gutters-col-md-2 gutters-col-0 gutters-col-v-lg-2 gutters-col-v-md-2 gutters-col-v-2\">\r\n          <!---->\r\n          <div class=\"h-column h-column-container d-flex h-col-lg-auto h-col-md-auto h-col-auto style-1189-outer style-local-2745-c27-outer\">\r\n            <div data-colibri-id=\"2745-c27\" class=\"d-flex h-flex-basis h-column__inner h-px-lg-2 h-px-md-2 h-px-2 v-inner-lg-2 v-inner-md-2 v-inner-2 style-1189 style-local-2745-c27 position-relative\">\r\n              <!---->\r\n              <!---->\r\n              <div class=\"w-100 h-y-container h-column__content h-column__v-align flex-basis-100 align-self-lg-start align-self-md-start align-self-start\">\r\n                <!---->\r\n                <div data-colibri-id=\"2745-c28\" class=\"h-text h-text-component style-1190 style-local-2745-c28 position-relative h-element\">\r\n                  <!---->\r\n                  <!---->\r\n                  <div class=\"\">\r\n                    <h1><strong>Informaci\u00f3n del sector<\/strong><\/h1>\r\n                    <p>Para conocer la informaci\u00f3n de todo el sector, podr\u00e1s acceder al sitio del Bur\u00f3 de Entidades Financieras que se encuentra en la siguiente liga:&nbsp;\r\n                      <a href=\"http:\/\/www.buro.gob.mx\" class=\"customize-unpreviewable\">http:\/\/www.buro.gob.mx<\/a>\r\n                    <\/p>\r\n                    <p>La informaci\u00f3n del Bur\u00f3 de Entidades Financieras es una herramienta para mejorar tu futuro. \u00a1\u00dasala a tu favor!<\/p>\r\n                  <\/div>\r\n                <\/div>\r\n              <\/div>\r\n            <\/div>\r\n          <\/div>\r\n        <\/div>\r\n      <\/div>\r\n    <\/div>\r\n  <\/div>\r\n<\/div>","protected":false},"excerpt":{"rendered":"<p>\u00bfQu\u00e9 es el Bur\u00f3 de Entidades Financieras? Es una herramienta de consulta y difusi\u00f3n con la que podr\u00e1s conocer los productos que ofrecen las entidades financieras, sus comisiones y tasas, las reclamaciones de los usuarios, las pr\u00e1cticas no sanas en que incurren, las sanciones administrativas que les han impuesto, las cl\u00e1usulas abusivas de sus contratos [&hellip;]<\/p>\n","protected":false},"author":1,"featured_media":0,"parent":0,"menu_order":0,"comment_status":"closed","ping_status":"closed","template":"page-templates\/full-width-page.php","meta":{"footnotes":""},"class_list":["post-2745","page","type-page","status-publish","hentry"],"_links":{"self":[{"href":"https:\/\/ekon.ws\/inicio\/wp-json\/wp\/v2\/pages\/2745","targetHints":{"allow":["GET"]}}],"collection":[{"href":"https:\/\/ekon.ws\/inicio\/wp-json\/wp\/v2\/pages"}],"about":[{"href":"https:\/\/ekon.ws\/inicio\/wp-json\/wp\/v2\/types\/page"}],"author":[{"embeddable":true,"href":"https:\/\/ekon.ws\/inicio\/wp-json\/wp\/v2\/users\/1"}],"replies":[{"embeddable":true,"href":"https:\/\/ekon.ws\/inicio\/wp-json\/wp\/v2\/comments?post=2745"}],"version-history":[{"count":4,"href":"https:\/\/ekon.ws\/inicio\/wp-json\/wp\/v2\/pages\/2745\/revisions"}],"predecessor-version":[{"id":2760,"href":"https:\/\/ekon.ws\/inicio\/wp-json\/wp\/v2\/pages\/2745\/revisions\/2760"}],"wp:attachment":[{"href":"https:\/\/ekon.ws\/inicio\/wp-json\/wp\/v2\/media?parent=2745"}],"curies":[{"name":"wp","href":"https:\/\/api.w.org\/{rel}","templated":true}]}}